{"id":12226,"date":"2021-06-01T15:36:34","date_gmt":"2021-06-01T15:36:34","guid":{"rendered":"http:\/\/mm-luxuryapartment.com\/?page_id=12226"},"modified":"2021-06-25T09:17:41","modified_gmt":"2021-06-25T09:17:41","slug":"impressum","status":"publish","type":"page","link":"https:\/\/mm-luxuryapartment.com\/hr\/impressum\/","title":{"rendered":"Otisak"},"content":{"rendered":"\n<p class=\"wp-block-preformatted\"><strong>Podaci prema \u00a75 TMG: <\/strong><\/p>\n<p class=\"wp-block-preformatted\">Luksuzni apartman MM <br \/>Kresimirova Obala 12 g <br \/>23000 Zadar <br \/>Hrvatska<\/p>\n<p class=\"tw-data-text tw-ta tw-text-small\" dir=\"ltr\" data-placeholder=\"\u00dcbersetzung\"><span lang=\"hr\" tabindex=\"0\"><strong>Odricanje od odgovornosti (Disclaimer)<\/strong> <br \/><strong>Odgovornost za sadr\u017eaj<\/strong><br \/><\/span><span lang=\"hr\" tabindex=\"0\">Kao pru\u017eatelj usluga odgovorni smo prema \u00a7 7 Abs.1 TMG za vlastiti sadr\u017eaj na ovim stranama prema op\u0107im zakonima. Prema \u00a7\u00a7 8 do 10 TMG-a, mi kao pru\u017eatelj usluga nismo obvezni pratiti prenesene ili pohranjene vanjske informacije ili istra\u017eiti okolnosti koje ukazuju na nezakonite aktivnosti. Obveze uklanjanja ili blokiranja uporabe informacija prema op\u0107em zakonu ostaju nepromijenjene. Me\u0111utim, odgovornost u tom pogledu mogu\u0107a je samo od trenutka saznanja o odre\u0111enoj povredi. Nakon obavijesti o odgovaraju\u0107im kr\u0161enjima, odmah \u0107emo ukloniti taj sadr\u017eaj.<br \/><\/span><span lang=\"hr\" tabindex=\"0\"><strong>Odgovornost za linkove<\/strong> <br \/><\/span><span lang=\"hr\" tabindex=\"0\">Na\u0161a ponuda sadr\u017ei linkove na vanjske web stranice tre\u0107ih osoba na \u010diji sadr\u017eaj nemamo utjecaja. Stoga ne mo\u017eemo preuzeti nikakvu odgovornost za te vanjske sadr\u017eaje. Za sadr\u017eaj povezanih stranica uvijek je odgovoran odgovaraju\u0107i pru\u017eatelj ili operator stranica. Povezane stranice su provjerene za mogu\u0107e povrede zakona u vrijeme povezivanja. Ilegalni sadr\u017eaj nije bio prepoznatljiv u vrijeme povezivanja. Me\u0111utim, trajna kontrola sadr\u017eaja povezanih stranica nije razumna bez konkretnih dokaza o kr\u0161enju zakona. Nakon obavijesti o kr\u0161enjima, odmah \u0107emo ukloniti takve veze.<br \/><\/span><span lang=\"hr\" tabindex=\"0\"><strong>Autorska prava<\/strong> <br \/><\/span><span lang=\"hr\" tabindex=\"0\">Sadr\u017eaj i radovi na ovim stranicama koje su kreirali operatori web-mjesta podlije\u017eu njema\u010dkom zakonu o autorskim pravima. Umno\u017eavanje, obrada, distribucija i bilo kakva vrsta iskori\u0161tavanja izvan granica autorskog prava zahtijevaju pisanu suglasnost doti\u010dnog autora ili stvaratelja. Preuzimanja i kopije ove stranice namijenjene su samo privatnoj, nekomercijalnoj uporabi. S obzirom da sadr\u017eaj na ovoj strani nije stvorio operator, razmatraju se autorska prava tre\u0107ih osoba. Konkretno, sadr\u017eaj tre\u0107ih strana je identificiran kao takav. Ako i dalje budete svjesni kr\u0161enja autorskih prava, tra\u017eimo napomenu. Nakon obavijesti o kr\u0161enjima, odmah \u0107emo ukloniti takve sadr\u017eaje. <br \/><strong>Izvori:<\/strong> <a href=\"http:\/\/www.e-recht24.de\/muster-disclaimer.html\">Disclaimer eRecht24<\/a><\/span><\/p>\n<p class=\"tw-data-text tw-ta tw-text-small\" dir=\"ltr\" data-placeholder=\"\u00dcbersetzung\"><span lang=\"hr\" tabindex=\"0\">\u00a0<\/span><\/p>\n<p class=\"tw-data-text tw-ta tw-text-small\" dir=\"ltr\" data-placeholder=\"\u00dcbersetzung\"><span lang=\"hr\" tabindex=\"0\">\u00a0<\/span><\/p>\n<p id=\"tw-target-text\" class=\"tw-data-text tw-ta tw-text-small\" dir=\"ltr\" data-placeholder=\"\u00dcbersetzung\"><span lang=\"hr\" tabindex=\"0\">\u00a0<\/span><\/p>\n","protected":false},"excerpt":{"rendered":"","protected":false},"author":1,"featured_media":0,"parent":0,"menu_order":0,"comment_status":"closed","ping_status":"closed","template":"","meta":{"footnotes":""},"class_list":["post-12226","page","type-page","status-publish","hentry"],"translation":{"provider":"WPGlobus","version":"3.0.2","language":"hr","enabled_languages":["de","en","hr"],"languages":{"de":{"title":true,"content":true,"excerpt":false},"en":{"title":true,"content":true,"excerpt":false},"hr":{"title":true,"content":true,"excerpt":false}}},"yoast_head":"<!-- This site is optimized with the Yoast SEO plugin v27.4 - https:\/\/yoast.com\/product\/yoast-seo-wordpress\/ -->\n<title>Otisak - MM Luxury Apartments<\/title>\n<meta name=\"robots\" content=\"index, follow, max-snippet:-1, max-image-preview:large, max-video-preview:-1\" \/>\n<link rel=\"canonical\" href=\"https:\/\/mm-luxuryapartment.com\/impressum\/\" \/>\n<meta property=\"og:locale\" content=\"hr_HR\" \/>\n<meta property=\"og:type\" content=\"article\" \/>\n<meta property=\"og:title\" content=\"Otisak - MM Luxury Apartments\" \/>\n<meta property=\"og:url\" content=\"https:\/\/mm-luxuryapartment.com\/impressum\/\" \/>\n<meta property=\"og:site_name\" content=\"MM Luxury Apartments\" \/>\n<meta property=\"article:modified_time\" content=\"2021-06-25T09:17:41+00:00\" \/>\n<meta name=\"twitter:card\" content=\"summary_large_image\" \/>\n<meta name=\"twitter:label1\" content=\"Est. reading time\" \/>\n\t<meta name=\"twitter:data1\" content=\"5 minutes\" \/>\n<script type=\"application\/ld+json\" class=\"yoast-schema-graph\">{\"@context\":\"https:\\\/\\\/schema.org\",\"@graph\":[{\"@type\":\"WebPage\",\"@id\":\"https:\\\/\\\/mm-luxuryapartment.com\\\/impressum\\\/\",\"url\":\"https:\\\/\\\/mm-luxuryapartment.com\\\/impressum\\\/\",\"name\":\"Otisak - MM Luxury Apartments\",\"isPartOf\":{\"@id\":\"https:\\\/\\\/mm-luxuryapartment.com\\\/#website\"},\"datePublished\":\"2021-06-01T15:36:34+00:00\",\"dateModified\":\"2021-06-25T09:17:41+00:00\",\"breadcrumb\":{\"@id\":\"https:\\\/\\\/mm-luxuryapartment.com\\\/impressum\\\/#breadcrumb\"},\"inLanguage\":\"hr-HR\",\"potentialAction\":[{\"@type\":\"ReadAction\",\"target\":[\"https:\\\/\\\/mm-luxuryapartment.com\\\/impressum\\\/\"]}]},{\"@type\":\"BreadcrumbList\",\"@id\":\"https:\\\/\\\/mm-luxuryapartment.com\\\/impressum\\\/#breadcrumb\",\"itemListElement\":[{\"@type\":\"ListItem\",\"position\":1,\"name\":\"Home\",\"item\":\"https:\\\/\\\/mm-luxuryapartment.com\\\/\"},{\"@type\":\"ListItem\",\"position\":2,\"name\":\"Impressum\"}]},{\"@type\":\"WebSite\",\"@id\":\"https:\\\/\\\/mm-luxuryapartment.com\\\/#website\",\"url\":\"https:\\\/\\\/mm-luxuryapartment.com\\\/\",\"name\":\"MM Luxury Apartments\",\"description\":\"\",\"potentialAction\":[{\"@type\":\"SearchAction\",\"target\":{\"@type\":\"EntryPoint\",\"urlTemplate\":\"https:\\\/\\\/mm-luxuryapartment.com\\\/?s={search_term_string}\"},\"query-input\":{\"@type\":\"PropertyValueSpecification\",\"valueRequired\":true,\"valueName\":\"search_term_string\"}}],\"inLanguage\":\"hr-HR\"}]}<\/script>\n<!-- \/ Yoast SEO plugin. -->","yoast_head_json":{"title":"Otisak - MM Luxury Apartments","robots":{"index":"index","follow":"follow","max-snippet":"max-snippet:-1","max-image-preview":"max-image-preview:large","max-video-preview":"max-video-preview:-1"},"canonical":"https:\/\/mm-luxuryapartment.com\/impressum\/","og_locale":"hr_HR","og_type":"article","og_title":"Otisak - MM Luxury Apartments","og_url":"https:\/\/mm-luxuryapartment.com\/impressum\/","og_site_name":"MM Luxury Apartments","article_modified_time":"2021-06-25T09:17:41+00:00","twitter_card":"summary_large_image","twitter_misc":{"Est. reading time":"5 minutes"},"schema":{"@context":"https:\/\/schema.org","@graph":[{"@type":"WebPage","@id":"https:\/\/mm-luxuryapartment.com\/impressum\/","url":"https:\/\/mm-luxuryapartment.com\/impressum\/","name":"Otisak - MM Luxury Apartments","isPartOf":{"@id":"https:\/\/mm-luxuryapartment.com\/#website"},"datePublished":"2021-06-01T15:36:34+00:00","dateModified":"2021-06-25T09:17:41+00:00","breadcrumb":{"@id":"https:\/\/mm-luxuryapartment.com\/impressum\/#breadcrumb"},"inLanguage":"hr-HR","potentialAction":[{"@type":"ReadAction","target":["https:\/\/mm-luxuryapartment.com\/impressum\/"]}]},{"@type":"BreadcrumbList","@id":"https:\/\/mm-luxuryapartment.com\/impressum\/#breadcrumb","itemListElement":[{"@type":"ListItem","position":1,"name":"Home","item":"https:\/\/mm-luxuryapartment.com\/"},{"@type":"ListItem","position":2,"name":"Impressum"}]},{"@type":"WebSite","@id":"https:\/\/mm-luxuryapartment.com\/#website","url":"https:\/\/mm-luxuryapartment.com\/","name":"MM Luxury Apartments","description":"","potentialAction":[{"@type":"SearchAction","target":{"@type":"EntryPoint","urlTemplate":"https:\/\/mm-luxuryapartment.com\/?s={search_term_string}"},"query-input":{"@type":"PropertyValueSpecification","valueRequired":true,"valueName":"search_term_string"}}],"inLanguage":"hr-HR"}]}},"_links":{"self":[{"href":"https:\/\/mm-luxuryapartment.com\/hr\/wp-json\/wp\/v2\/pages\/12226","targetHints":{"allow":["GET"]}}],"collection":[{"href":"https:\/\/mm-luxuryapartment.com\/hr\/wp-json\/wp\/v2\/pages"}],"about":[{"href":"https:\/\/mm-luxuryapartment.com\/hr\/wp-json\/wp\/v2\/types\/page"}],"author":[{"embeddable":true,"href":"https:\/\/mm-luxuryapartment.com\/hr\/wp-json\/wp\/v2\/users\/1"}],"replies":[{"embeddable":true,"href":"https:\/\/mm-luxuryapartment.com\/hr\/wp-json\/wp\/v2\/comments?post=12226"}],"version-history":[{"count":9,"href":"https:\/\/mm-luxuryapartment.com\/hr\/wp-json\/wp\/v2\/pages\/12226\/revisions"}],"predecessor-version":[{"id":12531,"href":"https:\/\/mm-luxuryapartment.com\/hr\/wp-json\/wp\/v2\/pages\/12226\/revisions\/12531"}],"wp:attachment":[{"href":"https:\/\/mm-luxuryapartment.com\/hr\/wp-json\/wp\/v2\/media?parent=12226"}],"curies":[{"name":"wp","href":"https:\/\/api.w.org\/{rel}","templated":true}]}}