{"id":12051,"date":"2021-06-16T14:29:16","date_gmt":"2021-06-16T14:29:16","guid":{"rendered":"https:\/\/mm-luxuryapartment.com\/?page_id=12051"},"modified":"2021-06-26T07:50:11","modified_gmt":"2021-06-26T07:50:11","slug":"apartments","status":"publish","type":"page","link":"https:\/\/mm-luxuryapartment.com\/hr\/apartments\/","title":{"rendered":"Apartmani"},"content":{"rendered":"\n<p>Na\u0161i MM luksuzni apartmani &#8220;Silver&#8221;, &#8220;Gold&#8221;, &#8220;Diamond&#8221; i &#8220;Rubin&#8221; nude vam \u010disti luksuz na Mediteranu. Bijeg od svakodnevnog \u017eivota, svojih obaveza i briga. U\u017eivajte u prirodi i moru s obitelji i prijateljima.<\/p>\n\n\n\n<p>Elegantan i nadasve zanimljiv dizajn interijera apartmana stvara posebno toplu i privla\u010dnu atmosferu.<br>Svi apartmani imaju grijanje na struju, \u0161to ih \u010dini savr\u0161enim izborom za cjelogodi\u0161nji odmor.<br>Luksuznu ponudu zaokru\u017euje prekrasan palmin vrt koji je opremljen blagovaonicom i le\u017ealjkama. Idealno za opu\u0161taju\u0107e dane odmora!<br>Tu su i podzemna parkirna mjesta.<br>Na raspolaganju su i podzemna parkirna mjesta.<\/p>\n\n\n\n<div id='gallery-1' class='gallery galleryid-12051 gallery-columns-2 gallery-size-full'><figure class='gallery-item'>\n\t\t\t<div class='gallery-icon landscape'>\n\t\t\t\t<img loading=\"lazy\" decoding=\"async\" width=\"1280\" height=\"854\" src=\"https:\/\/mm-luxuryapartment.com\/wp-content\/uploads\/2019\/06\/0156.jpeg\" class=\"attachment-full size-full\" alt=\"\" srcset=\"https:\/\/mm-luxuryapartment.com\/wp-content\/uploads\/2019\/06\/0156.jpeg 1280w, https:\/\/mm-luxuryapartment.com\/wp-content\/uploads\/2019\/06\/0156-768x512.jpeg 768w\" sizes=\"auto, (max-width: 1280px) 100vw, 1280px\" \/>\n\t\t\t<\/div><\/figure><figure class='gallery-item'>\n\t\t\t<div class='gallery-icon landscape'>\n\t\t\t\t<img loading=\"lazy\" decoding=\"async\" width=\"1280\" height=\"854\" src=\"https:\/\/mm-luxuryapartment.com\/wp-content\/uploads\/2019\/06\/0095-1.jpeg\" class=\"attachment-full size-full\" alt=\"\" srcset=\"https:\/\/mm-luxuryapartment.com\/wp-content\/uploads\/2019\/06\/0095-1.jpeg 1280w, https:\/\/mm-luxuryapartment.com\/wp-content\/uploads\/2019\/06\/0095-1-768x512.jpeg 768w\" sizes=\"auto, (max-width: 1280px) 100vw, 1280px\" \/>\n\t\t\t<\/div><\/figure>\n\t\t<\/div>\n\n\n\n\n<p>Odlu\u010dite se za boravak u luksuznim apartmanima MM. Posjetite brojne lijepe pla\u017ee u blizini apartmana. Istra\u017eite grad Zadar s bogatom povijesnom ba\u0161tinom, s njegovim mo\u0107nim rimskim i venecijanskim utjecajima i fantasti\u010dnom gastronomskom ponudom koja \u0107e vas zasigurno nadahnuti. Upoznajte gostoljubive mje\u0161tane, ostavite po strani sve svoje brige i prepustite se razma\u017eenju brojnih ljepota ovog vrlo posebnog dijela Dalmacije.<\/p>\n\n\n\n<ul class=\"wp-block-list\"><li>Vrhunska lokacija u Zadru<\/li><li>Besplatni WiFi<\/li><li>Klima ure\u0111aj u svakoj sobi<\/li><li>elektri\u010dno grijanje<\/li><li>podzemno parkirali\u0161te<\/li><li>Ciklusi<\/li><li>Pla\u017ea: 20 m<\/li><li>Supermarket: 80 m<\/li><li>Restoran: 30 m<\/li><li>Zra\u010dna luka: 15 km<\/li><\/ul>\n\n\n\n<p class=\"has-text-align-center\">&nbsp;Savr\u0161eno mjesto za boravak u Zadru na odmoru iz snova \u010deka vas!<\/p>\n\n\n\n<hr class=\"wp-block-separator is-style-wide\"\/>\n\n\n\n<div class=\"wp-block-columns is-layout-flex wp-container-core-columns-is-layout-9d6595d7 wp-block-columns-is-layout-flex\">\n<div class=\"wp-block-column is-layout-flow wp-block-column-is-layout-flow\" style=\"flex-basis:100%\">\n<div class=\"wp-block-media-text is-stacked-on-mobile\"><figure class=\"wp-block-media-text__media\"><img loading=\"lazy\" decoding=\"async\" width=\"1024\" height=\"1024\" src=\"https:\/\/mm-luxuryapartment.com\/wp-content\/uploads\/2019\/06\/0062-2-1024x1024.jpeg\" alt=\"\" class=\"wp-image-12131 size-full\" srcset=\"https:\/\/mm-luxuryapartment.com\/wp-content\/uploads\/2019\/06\/0062-2-1024x1024.jpeg 1024w, https:\/\/mm-luxuryapartment.com\/wp-content\/uploads\/2019\/06\/0062-2-150x150.jpeg 150w, https:\/\/mm-luxuryapartment.com\/wp-content\/uploads\/2019\/06\/0062-2-300x300.jpeg 300w\" sizes=\"auto, (max-width: 1024px) 100vw, 1024px\" \/><\/figure><div class=\"wp-block-media-text__content\">\n<p class=\"has-large-font-size\">Apartman Silver<\/p>\n\n\n\n<p>Apartman Silver ubrzava kucanje srca turista. Pla\u017ea je udaljena 20 m. Dolazak se odvija pred ulazna vrata s podzemnim parkirnim mjestom, a stari grad Zadar nije daleko. Dvije odvojene spava\u0107e sobe i ve\u0107i vrt \u010dine odmor savr\u0161enim.<\/p>\n\n\n\n<p><a href=\"https:\/\/mm-luxuryapartment.com\/apartment-silver\/\">Otkrijte apartman <\/a><\/p>\n<\/div><\/div>\n<\/div>\n<\/div>\n\n\n\n<hr class=\"wp-block-separator\"\/>\n\n\n\n<div class=\"wp-block-media-text alignwide has-media-on-the-right is-stacked-on-mobile\" style=\"grid-template-columns:auto 49%\"><figure class=\"wp-block-media-text__media\"><img loading=\"lazy\" decoding=\"async\" width=\"1024\" height=\"1024\" src=\"https:\/\/mm-luxuryapartment.com\/wp-content\/uploads\/2019\/06\/0114-1-1024x1024.jpeg\" alt=\"\" class=\"wp-image-12145 size-full\" srcset=\"https:\/\/mm-luxuryapartment.com\/wp-content\/uploads\/2019\/06\/0114-1-1024x1024.jpeg 1024w, https:\/\/mm-luxuryapartment.com\/wp-content\/uploads\/2019\/06\/0114-1-150x150.jpeg 150w, https:\/\/mm-luxuryapartment.com\/wp-content\/uploads\/2019\/06\/0114-1-300x300.jpeg 300w\" sizes=\"auto, (max-width: 1024px) 100vw, 1024px\" \/><\/figure><div class=\"wp-block-media-text__content\">\n<p class=\"has-large-font-size\">Apartman Gold<\/p>\n\n\n\n<p>Elegantan i zanimljivo namje\u0161ten Apartman Gold stvara posebno toplu i primamljivu atmosferu s da\u0161kom luksuza. Apartman u prizemlju sastoji se od potpuno opremljene kuhinje s blagovaonicom, dvije odvojene spava\u0107e sobe i prekrasnog dnevnog boravka, koji je savr\u0161en za zavr\u0161etak lijepog dana. U vrtu palmi imate stol za blagovanje s le\u017ealjkama odakle mo\u017eete u\u017eivati \u200b\u200bu zalasku sunca.<\/p>\n\n\n\n<p><a href=\"https:\/\/mm-luxuryapartment.com\/apartment-gold\/\">Otkrijte apartman<\/a><\/p>\n<\/div><\/div>\n\n\n\n<hr class=\"wp-block-separator\"\/>\n\n\n\n<div class=\"wp-block-media-text alignwide is-stacked-on-mobile\"><figure class=\"wp-block-media-text__media\"><img loading=\"lazy\" decoding=\"async\" width=\"768\" height=\"1024\" src=\"https:\/\/mm-luxuryapartment.com\/wp-content\/uploads\/2020\/01\/fullsizeoutput_14d3-1-768x1024.jpeg\" alt=\"\" class=\"wp-image-12573 size-full\" srcset=\"https:\/\/mm-luxuryapartment.com\/wp-content\/uploads\/2020\/01\/fullsizeoutput_14d3-1-768x1024.jpeg 768w, https:\/\/mm-luxuryapartment.com\/wp-content\/uploads\/2020\/01\/fullsizeoutput_14d3-1-225x300.jpeg 225w, https:\/\/mm-luxuryapartment.com\/wp-content\/uploads\/2020\/01\/fullsizeoutput_14d3-1-1152x1536.jpeg 1152w, https:\/\/mm-luxuryapartment.com\/wp-content\/uploads\/2020\/01\/fullsizeoutput_14d3-1-1536x2048.jpeg 1536w, https:\/\/mm-luxuryapartment.com\/wp-content\/uploads\/2020\/01\/fullsizeoutput_14d3-1-scaled.jpeg 1920w\" sizes=\"auto, (max-width: 768px) 100vw, 768px\" \/><\/figure><div class=\"wp-block-media-text__content\">\n<p class=\"has-large-font-size\">Apartman Diamond<\/p>\n\n\n\n<p> <\/p>\n\n\n\n<p>Luksuzno namje\u0161ten stan Diamond ne ostavlja ni\u0161ta za po\u017eeljeti. Stan impresionira svojom privla\u010dnom toplom atmosferom, s umjetni\u010dkim dodirom. Svijetlom preplavljene sobe pozivaju vas da se zadr\u017eite. Mo\u017eete napuniti baterije izlaze\u0107im jutarnjim suncem na kau\u010du u dnevnoj sobi ili pustiti da vam misli vise na terasi.<br>Apartman u prizemlju sastoji se od potpuno opremljene moderne kuhinje, dvije odvojene spava\u0107e sobe i svijetlog, modernog dnevnog boravka.<\/p>\n\n\n\n<p><a href=\"https:\/\/mm-luxuryapartment.com\/apartment-diamond\/\">Otkrijte apartman<\/a><\/p>\n<\/div><\/div>\n\n\n\n<hr class=\"wp-block-separator\"\/>\n\n\n\n<div class=\"wp-block-media-text alignfull has-media-on-the-right is-stacked-on-mobile\"><figure class=\"wp-block-media-text__media\"><img loading=\"lazy\" decoding=\"async\" width=\"1024\" height=\"768\" src=\"https:\/\/mm-luxuryapartment.com\/wp-content\/uploads\/2021\/06\/1ffa1f14-d454-469e-8ff5-de40cf2dc705.jpg\" alt=\"\" class=\"wp-image-12844 size-full\" srcset=\"https:\/\/mm-luxuryapartment.com\/wp-content\/uploads\/2021\/06\/1ffa1f14-d454-469e-8ff5-de40cf2dc705.jpg 1024w, https:\/\/mm-luxuryapartment.com\/wp-content\/uploads\/2021\/06\/1ffa1f14-d454-469e-8ff5-de40cf2dc705-300x225.jpg 300w, https:\/\/mm-luxuryapartment.com\/wp-content\/uploads\/2021\/06\/1ffa1f14-d454-469e-8ff5-de40cf2dc705-768x576.jpg 768w\" sizes=\"auto, (max-width: 1024px) 100vw, 1024px\" \/><\/figure><div class=\"wp-block-media-text__content\">\n<p class=\"has-large-font-size\">Apartman Rubin<\/p>\n\n\n\n<p>Apartman Rubin nalazi se na prvom katu. S terase mo\u017eete do\u017eivjeti najljep\u0161i zalazak sunca iz lo\u017ee koju ina\u010de znate samo iz slikovnica.<br>Spava\u0107e sobe u pastelnim bojama opremljene su velikim, udobnim krevetima, a umjetni\u010dki dizajn daje gostu da\u0161ak luksuza i umjetnosti. Oboje imaju izravan pogled na more.<br>U dnevnoj sobi imate nekoliko mjesta na kojima se mo\u017eete osje\u0107ati ugodno.<br>Moderna kuhinja opremljena je svime za pripremu jedne ili drugih delicija dalmatinske kuhinje. Sve sobe imaju izravan pogled na more.<\/p>\n\n\n\n<p><br><\/p>\n\n\n\n<p><a href=\"https:\/\/mm-luxuryapartment.com\/apartment-rubin\/\">Otkrijte apartman<\/a><\/p>\n<\/div><\/div>\n\n\n\n<hr class=\"wp-block-separator\"\/>\n\n\n\n<p><\/p>\n","protected":false},"excerpt":{"rendered":"<p>Na\u0161i MM luksuzni apartmani &#8220;Silver&#8221;, &#8220;Gold&#8221;, &#8220;Diamond&#8221; i &#8220;Rubin&#8221; nude vam \u010disti luksuz na Mediteranu. Bijeg od svakodnevnog \u017eivota, svojih obaveza i briga. U\u017eivajte u prirodi i moru s obitelji i prijateljima. Elegantan i nadasve zanimljiv dizajn interijera apartmana stvara posebno toplu i privla\u010dnu atmosferu.Svi apartmani imaju grijanje na struju, \u0161to ih \u010dini savr\u0161enim izborom <a class=\"read-more\" href=\"https:\/\/mm-luxuryapartment.com\/hr\/apartments\/\">READ MORE<\/a><\/p>\n","protected":false},"author":1,"featured_media":0,"parent":0,"menu_order":0,"comment_status":"closed","ping_status":"closed","template":"","meta":{"footnotes":""},"class_list":["post-12051","page","type-page","status-publish","hentry"],"translation":{"provider":"WPGlobus","version":"3.0.2","language":"hr","enabled_languages":["de","en","hr"],"languages":{"de":{"title":true,"content":true,"excerpt":false},"en":{"title":true,"content":true,"excerpt":false},"hr":{"title":true,"content":true,"excerpt":false}}},"yoast_head":"<!-- This site is optimized with the Yoast SEO plugin v27.4 - https:\/\/yoast.com\/product\/yoast-seo-wordpress\/ -->\n<title>Apartmani - MM Luxury Apartments<\/title>\n<meta name=\"robots\" content=\"index, follow, max-snippet:-1, max-image-preview:large, max-video-preview:-1\" \/>\n<link rel=\"canonical\" href=\"https:\/\/mm-luxuryapartment.com\/apartments\/\" \/>\n<meta property=\"og:locale\" content=\"hr_HR\" \/>\n<meta property=\"og:type\" content=\"article\" \/>\n<meta property=\"og:title\" content=\"Apartmani - MM Luxury Apartments\" \/>\n<meta property=\"og:url\" content=\"https:\/\/mm-luxuryapartment.com\/apartments\/\" \/>\n<meta property=\"og:site_name\" content=\"MM Luxury Apartments\" \/>\n<meta property=\"article:modified_time\" content=\"2021-06-26T07:50:11+00:00\" \/>\n<meta property=\"og:image\" content=\"https:\/\/mm-luxuryapartment.com\/wp-content\/uploads\/2019\/06\/0156.jpeg\" \/>\n<meta name=\"twitter:card\" content=\"summary_large_image\" \/>\n<meta name=\"twitter:label1\" content=\"Est. reading time\" \/>\n\t<meta name=\"twitter:data1\" content=\"8 minutes\" \/>\n<script type=\"application\/ld+json\" class=\"yoast-schema-graph\">{\"@context\":\"https:\\\/\\\/schema.org\",\"@graph\":[{\"@type\":\"WebPage\",\"@id\":\"https:\\\/\\\/mm-luxuryapartment.com\\\/apartments\\\/\",\"url\":\"https:\\\/\\\/mm-luxuryapartment.com\\\/apartments\\\/\",\"name\":\"Apartmani - MM Luxury Apartments\",\"isPartOf\":{\"@id\":\"https:\\\/\\\/mm-luxuryapartment.com\\\/#website\"},\"primaryImageOfPage\":{\"@id\":\"https:\\\/\\\/mm-luxuryapartment.com\\\/apartments\\\/#primaryimage\"},\"image\":{\"@id\":\"https:\\\/\\\/mm-luxuryapartment.com\\\/apartments\\\/#primaryimage\"},\"thumbnailUrl\":\"https:\\\/\\\/mm-luxuryapartment.com\\\/wp-content\\\/uploads\\\/2019\\\/06\\\/0062-2-1024x1024.jpeg\",\"datePublished\":\"2021-06-16T14:29:16+00:00\",\"dateModified\":\"2021-06-26T07:50:11+00:00\",\"breadcrumb\":{\"@id\":\"https:\\\/\\\/mm-luxuryapartment.com\\\/apartments\\\/#breadcrumb\"},\"inLanguage\":\"hr-HR\",\"potentialAction\":[{\"@type\":\"ReadAction\",\"target\":[\"https:\\\/\\\/mm-luxuryapartment.com\\\/apartments\\\/\"]}]},{\"@type\":\"ImageObject\",\"inLanguage\":\"hr-HR\",\"@id\":\"https:\\\/\\\/mm-luxuryapartment.com\\\/apartments\\\/#primaryimage\",\"url\":\"https:\\\/\\\/mm-luxuryapartment.com\\\/wp-content\\\/uploads\\\/2019\\\/06\\\/0062-2-1024x1024.jpeg\",\"contentUrl\":\"https:\\\/\\\/mm-luxuryapartment.com\\\/wp-content\\\/uploads\\\/2019\\\/06\\\/0062-2-1024x1024.jpeg\"},{\"@type\":\"BreadcrumbList\",\"@id\":\"https:\\\/\\\/mm-luxuryapartment.com\\\/apartments\\\/#breadcrumb\",\"itemListElement\":[{\"@type\":\"ListItem\",\"position\":1,\"name\":\"Home\",\"item\":\"https:\\\/\\\/mm-luxuryapartment.com\\\/\"},{\"@type\":\"ListItem\",\"position\":2,\"name\":\"Apartments\"}]},{\"@type\":\"WebSite\",\"@id\":\"https:\\\/\\\/mm-luxuryapartment.com\\\/#website\",\"url\":\"https:\\\/\\\/mm-luxuryapartment.com\\\/\",\"name\":\"MM Luxury Apartments\",\"description\":\"\",\"potentialAction\":[{\"@type\":\"SearchAction\",\"target\":{\"@type\":\"EntryPoint\",\"urlTemplate\":\"https:\\\/\\\/mm-luxuryapartment.com\\\/?s={search_term_string}\"},\"query-input\":{\"@type\":\"PropertyValueSpecification\",\"valueRequired\":true,\"valueName\":\"search_term_string\"}}],\"inLanguage\":\"hr-HR\"}]}<\/script>\n<!-- \/ Yoast SEO plugin. -->","yoast_head_json":{"title":"Apartmani - MM Luxury Apartments","robots":{"index":"index","follow":"follow","max-snippet":"max-snippet:-1","max-image-preview":"max-image-preview:large","max-video-preview":"max-video-preview:-1"},"canonical":"https:\/\/mm-luxuryapartment.com\/apartments\/","og_locale":"hr_HR","og_type":"article","og_title":"Apartmani - MM Luxury Apartments","og_url":"https:\/\/mm-luxuryapartment.com\/apartments\/","og_site_name":"MM Luxury Apartments","article_modified_time":"2021-06-26T07:50:11+00:00","og_image":[{"url":"https:\/\/mm-luxuryapartment.com\/wp-content\/uploads\/2019\/06\/0156.jpeg","type":"","width":"","height":""}],"twitter_card":"summary_large_image","twitter_misc":{"Est. reading time":"8 minutes"},"schema":{"@context":"https:\/\/schema.org","@graph":[{"@type":"WebPage","@id":"https:\/\/mm-luxuryapartment.com\/apartments\/","url":"https:\/\/mm-luxuryapartment.com\/apartments\/","name":"Apartmani - MM Luxury Apartments","isPartOf":{"@id":"https:\/\/mm-luxuryapartment.com\/#website"},"primaryImageOfPage":{"@id":"https:\/\/mm-luxuryapartment.com\/apartments\/#primaryimage"},"image":{"@id":"https:\/\/mm-luxuryapartment.com\/apartments\/#primaryimage"},"thumbnailUrl":"https:\/\/mm-luxuryapartment.com\/wp-content\/uploads\/2019\/06\/0062-2-1024x1024.jpeg","datePublished":"2021-06-16T14:29:16+00:00","dateModified":"2021-06-26T07:50:11+00:00","breadcrumb":{"@id":"https:\/\/mm-luxuryapartment.com\/apartments\/#breadcrumb"},"inLanguage":"hr-HR","potentialAction":[{"@type":"ReadAction","target":["https:\/\/mm-luxuryapartment.com\/apartments\/"]}]},{"@type":"ImageObject","inLanguage":"hr-HR","@id":"https:\/\/mm-luxuryapartment.com\/apartments\/#primaryimage","url":"https:\/\/mm-luxuryapartment.com\/wp-content\/uploads\/2019\/06\/0062-2-1024x1024.jpeg","contentUrl":"https:\/\/mm-luxuryapartment.com\/wp-content\/uploads\/2019\/06\/0062-2-1024x1024.jpeg"},{"@type":"BreadcrumbList","@id":"https:\/\/mm-luxuryapartment.com\/apartments\/#breadcrumb","itemListElement":[{"@type":"ListItem","position":1,"name":"Home","item":"https:\/\/mm-luxuryapartment.com\/"},{"@type":"ListItem","position":2,"name":"Apartments"}]},{"@type":"WebSite","@id":"https:\/\/mm-luxuryapartment.com\/#website","url":"https:\/\/mm-luxuryapartment.com\/","name":"MM Luxury Apartments","description":"","potentialAction":[{"@type":"SearchAction","target":{"@type":"EntryPoint","urlTemplate":"https:\/\/mm-luxuryapartment.com\/?s={search_term_string}"},"query-input":{"@type":"PropertyValueSpecification","valueRequired":true,"valueName":"search_term_string"}}],"inLanguage":"hr-HR"}]}},"_links":{"self":[{"href":"https:\/\/mm-luxuryapartment.com\/hr\/wp-json\/wp\/v2\/pages\/12051","targetHints":{"allow":["GET"]}}],"collection":[{"href":"https:\/\/mm-luxuryapartment.com\/hr\/wp-json\/wp\/v2\/pages"}],"about":[{"href":"https:\/\/mm-luxuryapartment.com\/hr\/wp-json\/wp\/v2\/types\/page"}],"author":[{"embeddable":true,"href":"https:\/\/mm-luxuryapartment.com\/hr\/wp-json\/wp\/v2\/users\/1"}],"replies":[{"embeddable":true,"href":"https:\/\/mm-luxuryapartment.com\/hr\/wp-json\/wp\/v2\/comments?post=12051"}],"version-history":[{"count":120,"href":"https:\/\/mm-luxuryapartment.com\/hr\/wp-json\/wp\/v2\/pages\/12051\/revisions"}],"predecessor-version":[{"id":13050,"href":"https:\/\/mm-luxuryapartment.com\/hr\/wp-json\/wp\/v2\/pages\/12051\/revisions\/13050"}],"wp:attachment":[{"href":"https:\/\/mm-luxuryapartment.com\/hr\/wp-json\/wp\/v2\/media?parent=12051"}],"curies":[{"name":"wp","href":"https:\/\/api.w.org\/{rel}","templated":true}]}}