{"id":12046,"date":"2021-06-16T14:27:10","date_gmt":"2021-06-16T14:27:10","guid":{"rendered":"https:\/\/mm-luxuryapartment.com\/?page_id=12046"},"modified":"2023-09-08T17:54:50","modified_gmt":"2023-09-08T17:54:50","slug":"zadar-erleben","status":"publish","type":"page","link":"https:\/\/mm-luxuryapartment.com\/hr\/zadar-erleben\/","title":{"rendered":"Do\u017eivite Zadar"},"content":{"rendered":"<p>\u00a0<\/p>\n<p>Smje\u0161ten u samom srcu Jadrana,\u00a0grad Zadar\u00a0odu\u0161eviti \u0107e Vas sa svojom 3000 tisu\u0107e godina starom povijesti i izuzetnim kulturnim naslje\u0111em. Uz prekrasne vizure grada i originalnom ponudom, osvojena titula:\u00a0najpo\u017eeljnije europske destinacije za 2016. godinu\u00a0potpuno je zaslu\u017eena!<\/p>\n<p>U\u017eivati \u0107ete u jednom od najpopularnijih turisti\u010dkih odredi\u0161ta upoznavaju\u0107i brojne kulturne i povijesne spomenike, prirodne atrakcije, u \u010darima kamenih ulica grada \u010dije ve\u010deri \u0107e za\u010diniti moderni i klasi\u010dni zvuci glazbe s Kalelarge te najslavniji zvuk morskih orgulja.<\/p>\n<p>Alfred Hitchcock davno je zadarski zalazak Sunca proglasio\u00a0najljep\u0161im na svijetu, a mi se svakako sla\u017eemo s njegovom izjavom.\u00a0\u00a0\u00a0\u00a0\u00a0\u00a0\u00a0\u00a0\u00a0\u00a0\u00a0\u00a0\u00a0\u00a0\u00a0\u00a0\u00a0\u00a0\u00a0\u00a0\u00a0\u00a0\u00a0\u00a0<\/p>\n<p style=\"text-align: center;\"><strong>Zaljubite se i Vi u Zadar!<\/strong><\/p>\n\n\n<hr class=\"wp-block-separator has-css-opacity is-style-default\"\/>\n\n\n<h1 style=\"text-align: center;\"><span lang=\"EN-US\" style=\"color: #ff9900;\">Toliko toga za vidjeti!<\/span><\/h1>\n<p style=\"text-align: center;\">Zadar nudi raznovrsne atrakcije koje \u0107e vam pru\u017eiti uvid u pro\u0161lost i omogu\u0107iti vam da sanjate.<br \/>Narodni Trg nalazi se izme\u0111u uspje\u0161ne mje\u0161avine povijesnih gra\u0111evina, ugodnih kafi\u0107a i restorana i prepun \u017eivota. Mjesto vas poziva da se zadr\u017eite i mo\u017eete posebno impresionirati svojim kulinarskim delicijama. Ali i crkva Sv. Donat iz 9. stolje\u0107a, jedna od najpoznatijih zadarskih atrakcija, svakako vrijedi posjetiti. Jo\u0161 jedna poznata crkva je katedrala Sv. Sto\u0161ije, \u010diji \u0107e romanti\u010dni motivi zasigurno odu\u0161eviti svakog ljubitelja kulture.<\/p>\n<h1 style=\"text-align: center;\"><span style=\"color: #ff9900;\">Zvukovi mora i pozdrav suncu!<\/span><\/h1>\n<p style=\"text-align: center;\">Blagi zvuk mora za mnoge je vjerojatno jedna od najljep\u0161ih melodija na svijetu. Izvorni arhitekt, ali more u Zadru ima jo\u0161 jednu glasovnu boju&nbsp;nagra\u0111en. U stepenicama prema moru nalazi se sustav flauta i cijevi kroz koje&nbsp;dolazni valovi igraju vrlo prirodnu melodiju. Poslu\u0161ajte organ oceana i za\u010darajte se na trenutak. Ako se mo\u017eete odvojiti od morske melodije, morate nastaviti svoj put do \u201cpozdrav suncu\u201d. Jer ovdje u ve\u010dernjim satima na krajnjem vrhu poluotoka \u010deka vas predivan svjetlosni show. Arhitektonsko remek-djelo namijenjeno je prikazivanju svih planeta Sun\u010devog sustava i njihovih okolnih orbita, moderni karakter instalacije nudi uspje\u0161an kontrast izvornom starom gradu.<\/p>\n<h1 style=\"text-align: center;\"><span style=\"color: #ff9900;\">Atrakcije<\/span><\/h1>\n<p style=\"text-align: center;\">Jeste li uzbu\u0111eni zbog Zadra i \u017eelite otkriti jo\u0161 ljepota Hrvatske? Prilikom vo\u017enje du\u017e obale mo\u017eete otkriti prekrasne uvale koje vas pozivaju da se zadr\u017eite. Otkrijte Nacionalni park Paklencia s visokim <br \/>vrhovima, dubokim klancima i bujicama. U kanjonu Velike Paklencije postoji \u010dak i podzemni tunel \u2013 <br \/>neko\u0107 \u010duvana tajna. Danas je soba pretvorena u prezentacijski centar. Za manje od dva sata vo\u017enje <br \/>od Zadra mo\u017eete, izme\u0111u ostalog, do\u0107i do prirodnog raja Plitvi\u010dkih jezera. Ovdje vas \u010dekaju bijesni <br \/>slapovi, kristalno \u010dista jezera i zelene svjetle\u0107e padine. Jo\u0161 bli\u017ee je Nacionalni park Krka, gdje vas o\u010daravaju impresivni vodopadi i jedinstvena priroda.<\/p>","protected":false},"excerpt":{"rendered":"<p>\u00a0 Smje\u0161ten u samom srcu Jadrana,\u00a0grad Zadar\u00a0odu\u0161eviti \u0107e Vas sa svojom 3000 tisu\u0107e godina starom povijesti i izuzetnim kulturnim naslje\u0111em. Uz prekrasne vizure grada i originalnom ponudom, osvojena titula:\u00a0najpo\u017eeljnije europske destinacije za 2016. godinu\u00a0potpuno je zaslu\u017eena! U\u017eivati \u0107ete u jednom od najpopularnijih turisti\u010dkih odredi\u0161ta upoznavaju\u0107i brojne kulturne i povijesne spomenike, prirodne atrakcije, u \u010darima kamenih <a class=\"read-more\" href=\"https:\/\/mm-luxuryapartment.com\/hr\/zadar-erleben\/\">READ MORE<\/a><\/p>\n","protected":false},"author":1,"featured_media":0,"parent":0,"menu_order":0,"comment_status":"closed","ping_status":"closed","template":"","meta":{"footnotes":""},"class_list":["post-12046","page","type-page","status-publish","hentry"],"translation":{"provider":"WPGlobus","version":"3.0.2","language":"hr","enabled_languages":["de","en","hr"],"languages":{"de":{"title":true,"content":true,"excerpt":false},"en":{"title":true,"content":true,"excerpt":false},"hr":{"title":true,"content":true,"excerpt":false}}},"yoast_head":"<!-- This site is optimized with the Yoast SEO plugin v27.4 - https:\/\/yoast.com\/product\/yoast-seo-wordpress\/ -->\n<title>Do\u017eivite Zadar - MM Luxury Apartments<\/title>\n<meta name=\"robots\" content=\"index, follow, max-snippet:-1, max-image-preview:large, max-video-preview:-1\" \/>\n<link rel=\"canonical\" href=\"https:\/\/mm-luxuryapartment.com\/zadar-erleben\/\" \/>\n<meta property=\"og:locale\" content=\"hr_HR\" \/>\n<meta property=\"og:type\" content=\"article\" \/>\n<meta property=\"og:title\" content=\"Do\u017eivite Zadar - MM Luxury Apartments\" \/>\n<meta property=\"og:url\" content=\"https:\/\/mm-luxuryapartment.com\/zadar-erleben\/\" \/>\n<meta property=\"og:site_name\" content=\"MM Luxury Apartments\" \/>\n<meta property=\"article:modified_time\" content=\"2023-09-08T17:54:50+00:00\" \/>\n<meta name=\"twitter:card\" content=\"summary_large_image\" \/>\n<meta name=\"twitter:label1\" content=\"Est. reading time\" \/>\n\t<meta name=\"twitter:data1\" content=\"3 minutes\" \/>\n<script type=\"application\/ld+json\" class=\"yoast-schema-graph\">{\"@context\":\"https:\\\/\\\/schema.org\",\"@graph\":[{\"@type\":\"WebPage\",\"@id\":\"https:\\\/\\\/mm-luxuryapartment.com\\\/zadar-erleben\\\/\",\"url\":\"https:\\\/\\\/mm-luxuryapartment.com\\\/zadar-erleben\\\/\",\"name\":\"Do\u017eivite Zadar - MM Luxury Apartments\",\"isPartOf\":{\"@id\":\"https:\\\/\\\/mm-luxuryapartment.com\\\/#website\"},\"datePublished\":\"2021-06-16T14:27:10+00:00\",\"dateModified\":\"2023-09-08T17:54:50+00:00\",\"breadcrumb\":{\"@id\":\"https:\\\/\\\/mm-luxuryapartment.com\\\/zadar-erleben\\\/#breadcrumb\"},\"inLanguage\":\"hr-HR\",\"potentialAction\":[{\"@type\":\"ReadAction\",\"target\":[\"https:\\\/\\\/mm-luxuryapartment.com\\\/zadar-erleben\\\/\"]}]},{\"@type\":\"BreadcrumbList\",\"@id\":\"https:\\\/\\\/mm-luxuryapartment.com\\\/zadar-erleben\\\/#breadcrumb\",\"itemListElement\":[{\"@type\":\"ListItem\",\"position\":1,\"name\":\"Home\",\"item\":\"https:\\\/\\\/mm-luxuryapartment.com\\\/\"},{\"@type\":\"ListItem\",\"position\":2,\"name\":\"Zadar erleben\"}]},{\"@type\":\"WebSite\",\"@id\":\"https:\\\/\\\/mm-luxuryapartment.com\\\/#website\",\"url\":\"https:\\\/\\\/mm-luxuryapartment.com\\\/\",\"name\":\"MM Luxury Apartments\",\"description\":\"\",\"potentialAction\":[{\"@type\":\"SearchAction\",\"target\":{\"@type\":\"EntryPoint\",\"urlTemplate\":\"https:\\\/\\\/mm-luxuryapartment.com\\\/?s={search_term_string}\"},\"query-input\":{\"@type\":\"PropertyValueSpecification\",\"valueRequired\":true,\"valueName\":\"search_term_string\"}}],\"inLanguage\":\"hr-HR\"}]}<\/script>\n<!-- \/ Yoast SEO plugin. -->","yoast_head_json":{"title":"Do\u017eivite Zadar - MM Luxury Apartments","robots":{"index":"index","follow":"follow","max-snippet":"max-snippet:-1","max-image-preview":"max-image-preview:large","max-video-preview":"max-video-preview:-1"},"canonical":"https:\/\/mm-luxuryapartment.com\/zadar-erleben\/","og_locale":"hr_HR","og_type":"article","og_title":"Do\u017eivite Zadar - MM Luxury Apartments","og_url":"https:\/\/mm-luxuryapartment.com\/zadar-erleben\/","og_site_name":"MM Luxury Apartments","article_modified_time":"2023-09-08T17:54:50+00:00","twitter_card":"summary_large_image","twitter_misc":{"Est. reading time":"3 minutes"},"schema":{"@context":"https:\/\/schema.org","@graph":[{"@type":"WebPage","@id":"https:\/\/mm-luxuryapartment.com\/zadar-erleben\/","url":"https:\/\/mm-luxuryapartment.com\/zadar-erleben\/","name":"Do\u017eivite Zadar - MM Luxury Apartments","isPartOf":{"@id":"https:\/\/mm-luxuryapartment.com\/#website"},"datePublished":"2021-06-16T14:27:10+00:00","dateModified":"2023-09-08T17:54:50+00:00","breadcrumb":{"@id":"https:\/\/mm-luxuryapartment.com\/zadar-erleben\/#breadcrumb"},"inLanguage":"hr-HR","potentialAction":[{"@type":"ReadAction","target":["https:\/\/mm-luxuryapartment.com\/zadar-erleben\/"]}]},{"@type":"BreadcrumbList","@id":"https:\/\/mm-luxuryapartment.com\/zadar-erleben\/#breadcrumb","itemListElement":[{"@type":"ListItem","position":1,"name":"Home","item":"https:\/\/mm-luxuryapartment.com\/"},{"@type":"ListItem","position":2,"name":"Zadar erleben"}]},{"@type":"WebSite","@id":"https:\/\/mm-luxuryapartment.com\/#website","url":"https:\/\/mm-luxuryapartment.com\/","name":"MM Luxury Apartments","description":"","potentialAction":[{"@type":"SearchAction","target":{"@type":"EntryPoint","urlTemplate":"https:\/\/mm-luxuryapartment.com\/?s={search_term_string}"},"query-input":{"@type":"PropertyValueSpecification","valueRequired":true,"valueName":"search_term_string"}}],"inLanguage":"hr-HR"}]}},"_links":{"self":[{"href":"https:\/\/mm-luxuryapartment.com\/hr\/wp-json\/wp\/v2\/pages\/12046","targetHints":{"allow":["GET"]}}],"collection":[{"href":"https:\/\/mm-luxuryapartment.com\/hr\/wp-json\/wp\/v2\/pages"}],"about":[{"href":"https:\/\/mm-luxuryapartment.com\/hr\/wp-json\/wp\/v2\/types\/page"}],"author":[{"embeddable":true,"href":"https:\/\/mm-luxuryapartment.com\/hr\/wp-json\/wp\/v2\/users\/1"}],"replies":[{"embeddable":true,"href":"https:\/\/mm-luxuryapartment.com\/hr\/wp-json\/wp\/v2\/comments?post=12046"}],"version-history":[{"count":31,"href":"https:\/\/mm-luxuryapartment.com\/hr\/wp-json\/wp\/v2\/pages\/12046\/revisions"}],"predecessor-version":[{"id":13180,"href":"https:\/\/mm-luxuryapartment.com\/hr\/wp-json\/wp\/v2\/pages\/12046\/revisions\/13180"}],"wp:attachment":[{"href":"https:\/\/mm-luxuryapartment.com\/hr\/wp-json\/wp\/v2\/media?parent=12046"}],"curies":[{"name":"wp","href":"https:\/\/api.w.org\/{rel}","templated":true}]}}