{"id":12043,"date":"2021-06-16T14:26:52","date_gmt":"2021-06-16T14:26:52","guid":{"rendered":"https:\/\/mm-luxuryapartment.com\/?page_id=12043"},"modified":"2021-06-25T09:14:13","modified_gmt":"2021-06-25T09:14:13","slug":"kontakt","status":"publish","type":"page","link":"https:\/\/mm-luxuryapartment.com\/hr\/kontakt\/","title":{"rendered":"Kontakt"},"content":{"rendered":"<p>Kontaktirajte nas sada i osigurajte jedan od na\u0161ih najboljih smje\u0161taja danas! Ako imate dodatnih pitanja, <br \/>slobodno nas kontaktirajte. Govorimo hrvatski, engleski i njema\u010dki jezik i rado \u0107emo se pobrinuti za va\u0161e probleme!\u00a0Rado \u0107emo vam pomo\u0107i!<\/p>\n\n<form enctype=\"multipart\/form-data\" method=\"post\" id=\"psfb12302\" action=\"https:\/\/mm-luxuryapartment.com\/hr\/kontakt\/\" class=\"planso-form-builder\" data-id=\"12302\" data-cnt=\"1\" id=\"planso_forms_12302_1\" data-locale=\"hr\" data-locale_long=\"hr_HR\" data-datepicker=\"bootstrap-datetimepicker\" data-date_format=\"F j, Y\" data-moment_date_format=\"MMMM D, YYYY\" data-jqueryui_date_format=\"MM d, yy\" data-eternicode_date_format=\"MM d, yyyy\"><div class=\"container-fluid\"><input type=\"hidden\" name=\"psfb_pageurl\" value=\"https:\/\/mm-luxuryapartment.com\/hr\/kontakt\/\"\/><input type=\"hidden\" name=\"psfb_userip\" value=\"216.73.216.42\"\/><input type=\"hidden\" name=\"psfb_useragent\" value=\"Mozilla\/5.0 AppleWebKit\/537.36 (KHTML, like Gecko; compatible; ClaudeBot\/1.0; +claudebot@anthropic.com)\"\/><input type=\"hidden\" name=\"psfb_landingpage\" value=\"http:\/\/mm-luxuryapartment.com\/hr\/wp-json\/wp\/v2\/pages\/12043\"\/><input type=\"hidden\" name=\"psfb_referer\" value=\"Direct\"\/><input type=\"hidden\" name=\"psfb_page_id\" value=\"12043\"\/><input type=\"hidden\" name=\"psfb_form_submit\" value=\"1\"\/><input type=\"hidden\" name=\"psfb_form_id\" value=\"12302\"\/><input type=\"hidden\" name=\"psfb_form_cnt\" value=\"1\"\/><div style=\"display:none\"><input type=\"text\" name=\"psfb_hon_as\"\/><\/div><div style=\"display:none\"><input type=\"text\" name=\"psfb_hon_as2\" id=\"psfb_hon_as2_12302_1\" value=\"c56906efa344c84a121a6598b333e588\"\/><\/div><div style=\"display:none\"><input type=\"text\" name=\"psfb_cnt_check\" value=\"1\"\/><\/div><div class=\"row\"><div class=\"col-md-12\"><div class=\"form-group psfb-single-container\"><label class=\"control-label\" for=\"psfield_12302_1\">Ime<span class=\"psfb_required_mark\">*<\/span><\/label><input type=\"text\" required=\"required\" data-required=\"required\" name=\"Ime\" placeholder=\"\" value=\"\" class=\"form-control  \" id=\"psfield_12302_1\" style=\"\"\/><\/div><\/div><\/div><div class=\"row\"><div class=\"col-md-12\"><div class=\"form-group psfb-single-container\"><label class=\"control-label\" for=\"psfield_12302_2\">E-Mail<span class=\"psfb_required_mark\">*<\/span><\/label><input type=\"email\" required=\"required\" data-required=\"required\" name=\"E_Mail\" placeholder=\"\" value=\"\" class=\"form-control  \" id=\"psfield_12302_2\" style=\"\"\/><\/div><\/div><\/div><div class=\"row\"><div class=\"col-md-12\"><div class=\"form-group psfb-single-container\"><label class=\"control-label\" for=\"psfield_12302_3\">Obzir<\/label><input type=\"text\" name=\"Obzir\" placeholder=\"\" value=\"\" class=\"form-control  \" id=\"psfield_12302_3\" style=\"\"\/><\/div><\/div><\/div><div class=\"row\"><div class=\"col-md-12\"><div class=\"form-group psfb-single-container\"><label class=\"control-label\" for=\"psfield_12302_4\">Va\u0161a poruka<\/label><textarea name=\"Va_a_poruka\" placeholder=\"\" class=\"form-control  \" id=\"psfield_12302_4\" style=\"\"><\/textarea><\/div><\/div><\/div><\/div><\/form>\n","protected":false},"excerpt":{"rendered":"<p>Kontaktirajte nas sada i osigurajte jedan od na\u0161ih najboljih smje\u0161taja danas! Ako imate dodatnih pitanja, slobodno nas kontaktirajte. Govorimo hrvatski, engleski i njema\u010dki jezik i rado \u0107emo se pobrinuti za va\u0161e probleme!\u00a0Rado \u0107emo vam pomo\u0107i!<\/p>\n","protected":false},"author":1,"featured_media":0,"parent":0,"menu_order":0,"comment_status":"closed","ping_status":"closed","template":"","meta":{"footnotes":""},"class_list":["post-12043","page","type-page","status-publish","hentry"],"translation":{"provider":"WPGlobus","version":"3.0.2","language":"hr","enabled_languages":["de","en","hr"],"languages":{"de":{"title":true,"content":true,"excerpt":false},"en":{"title":true,"content":true,"excerpt":false},"hr":{"title":true,"content":true,"excerpt":false}}},"yoast_head":"<!-- This site is optimized with the Yoast SEO plugin v27.4 - https:\/\/yoast.com\/product\/yoast-seo-wordpress\/ -->\n<title>Kontakt - MM Luxury Apartments<\/title>\n<meta name=\"robots\" content=\"index, follow, max-snippet:-1, max-image-preview:large, max-video-preview:-1\" \/>\n<link rel=\"canonical\" href=\"https:\/\/mm-luxuryapartment.com\/kontakt\/\" \/>\n<meta property=\"og:locale\" content=\"hr_HR\" \/>\n<meta property=\"og:type\" content=\"article\" \/>\n<meta property=\"og:title\" content=\"Kontakt - MM Luxury Apartments\" \/>\n<meta property=\"og:url\" content=\"https:\/\/mm-luxuryapartment.com\/kontakt\/\" \/>\n<meta property=\"og:site_name\" content=\"MM Luxury Apartments\" \/>\n<meta property=\"article:modified_time\" content=\"2021-06-25T09:14:13+00:00\" \/>\n<meta name=\"twitter:card\" content=\"summary_large_image\" \/>\n<meta name=\"twitter:label1\" content=\"Est. reading time\" \/>\n\t<meta name=\"twitter:data1\" content=\"1 minute\" \/>\n<script type=\"application\/ld+json\" class=\"yoast-schema-graph\">{\"@context\":\"https:\\\/\\\/schema.org\",\"@graph\":[{\"@type\":\"WebPage\",\"@id\":\"https:\\\/\\\/mm-luxuryapartment.com\\\/kontakt\\\/\",\"url\":\"https:\\\/\\\/mm-luxuryapartment.com\\\/kontakt\\\/\",\"name\":\"Kontakt - MM Luxury Apartments\",\"isPartOf\":{\"@id\":\"https:\\\/\\\/mm-luxuryapartment.com\\\/#website\"},\"datePublished\":\"2021-06-16T14:26:52+00:00\",\"dateModified\":\"2021-06-25T09:14:13+00:00\",\"breadcrumb\":{\"@id\":\"https:\\\/\\\/mm-luxuryapartment.com\\\/kontakt\\\/#breadcrumb\"},\"inLanguage\":\"hr-HR\",\"potentialAction\":[{\"@type\":\"ReadAction\",\"target\":[\"https:\\\/\\\/mm-luxuryapartment.com\\\/kontakt\\\/\"]}]},{\"@type\":\"BreadcrumbList\",\"@id\":\"https:\\\/\\\/mm-luxuryapartment.com\\\/kontakt\\\/#breadcrumb\",\"itemListElement\":[{\"@type\":\"ListItem\",\"position\":1,\"name\":\"Home\",\"item\":\"https:\\\/\\\/mm-luxuryapartment.com\\\/\"},{\"@type\":\"ListItem\",\"position\":2,\"name\":\"Kontakt\"}]},{\"@type\":\"WebSite\",\"@id\":\"https:\\\/\\\/mm-luxuryapartment.com\\\/#website\",\"url\":\"https:\\\/\\\/mm-luxuryapartment.com\\\/\",\"name\":\"MM Luxury Apartments\",\"description\":\"\",\"potentialAction\":[{\"@type\":\"SearchAction\",\"target\":{\"@type\":\"EntryPoint\",\"urlTemplate\":\"https:\\\/\\\/mm-luxuryapartment.com\\\/?s={search_term_string}\"},\"query-input\":{\"@type\":\"PropertyValueSpecification\",\"valueRequired\":true,\"valueName\":\"search_term_string\"}}],\"inLanguage\":\"hr-HR\"}]}<\/script>\n<!-- \/ Yoast SEO plugin. -->","yoast_head_json":{"title":"Kontakt - MM Luxury Apartments","robots":{"index":"index","follow":"follow","max-snippet":"max-snippet:-1","max-image-preview":"max-image-preview:large","max-video-preview":"max-video-preview:-1"},"canonical":"https:\/\/mm-luxuryapartment.com\/kontakt\/","og_locale":"hr_HR","og_type":"article","og_title":"Kontakt - MM Luxury Apartments","og_url":"https:\/\/mm-luxuryapartment.com\/kontakt\/","og_site_name":"MM Luxury Apartments","article_modified_time":"2021-06-25T09:14:13+00:00","twitter_card":"summary_large_image","twitter_misc":{"Est. reading time":"1 minute"},"schema":{"@context":"https:\/\/schema.org","@graph":[{"@type":"WebPage","@id":"https:\/\/mm-luxuryapartment.com\/kontakt\/","url":"https:\/\/mm-luxuryapartment.com\/kontakt\/","name":"Kontakt - MM Luxury Apartments","isPartOf":{"@id":"https:\/\/mm-luxuryapartment.com\/#website"},"datePublished":"2021-06-16T14:26:52+00:00","dateModified":"2021-06-25T09:14:13+00:00","breadcrumb":{"@id":"https:\/\/mm-luxuryapartment.com\/kontakt\/#breadcrumb"},"inLanguage":"hr-HR","potentialAction":[{"@type":"ReadAction","target":["https:\/\/mm-luxuryapartment.com\/kontakt\/"]}]},{"@type":"BreadcrumbList","@id":"https:\/\/mm-luxuryapartment.com\/kontakt\/#breadcrumb","itemListElement":[{"@type":"ListItem","position":1,"name":"Home","item":"https:\/\/mm-luxuryapartment.com\/"},{"@type":"ListItem","position":2,"name":"Kontakt"}]},{"@type":"WebSite","@id":"https:\/\/mm-luxuryapartment.com\/#website","url":"https:\/\/mm-luxuryapartment.com\/","name":"MM Luxury Apartments","description":"","potentialAction":[{"@type":"SearchAction","target":{"@type":"EntryPoint","urlTemplate":"https:\/\/mm-luxuryapartment.com\/?s={search_term_string}"},"query-input":{"@type":"PropertyValueSpecification","valueRequired":true,"valueName":"search_term_string"}}],"inLanguage":"hr-HR"}]}},"_links":{"self":[{"href":"https:\/\/mm-luxuryapartment.com\/hr\/wp-json\/wp\/v2\/pages\/12043","targetHints":{"allow":["GET"]}}],"collection":[{"href":"https:\/\/mm-luxuryapartment.com\/hr\/wp-json\/wp\/v2\/pages"}],"about":[{"href":"https:\/\/mm-luxuryapartment.com\/hr\/wp-json\/wp\/v2\/types\/page"}],"author":[{"embeddable":true,"href":"https:\/\/mm-luxuryapartment.com\/hr\/wp-json\/wp\/v2\/users\/1"}],"replies":[{"embeddable":true,"href":"https:\/\/mm-luxuryapartment.com\/hr\/wp-json\/wp\/v2\/comments?post=12043"}],"version-history":[{"count":9,"href":"https:\/\/mm-luxuryapartment.com\/hr\/wp-json\/wp\/v2\/pages\/12043\/revisions"}],"predecessor-version":[{"id":12356,"href":"https:\/\/mm-luxuryapartment.com\/hr\/wp-json\/wp\/v2\/pages\/12043\/revisions\/12356"}],"wp:attachment":[{"href":"https:\/\/mm-luxuryapartment.com\/hr\/wp-json\/wp\/v2\/media?parent=12043"}],"curies":[{"name":"wp","href":"https:\/\/api.w.org\/{rel}","templated":true}]}}